{"id":114,"date":"2023-03-19T13:10:01","date_gmt":"2023-03-19T13:10:01","guid":{"rendered":"https:\/\/dfarkasart.hu\/?page_id=114"},"modified":"2023-04-11T18:32:25","modified_gmt":"2023-04-11T18:32:25","slug":"contact-elerhetoseg","status":"publish","type":"page","link":"https:\/\/dfarkasart.hu\/?page_id=114","title":{"rendered":"Contact\/El\u00e9rhet\u0151s\u00e9g"},"content":{"rendered":"\n<figure class=\"wp-block-image size-full is-resized\"><img loading=\"lazy\" decoding=\"async\" src=\"https:\/\/dfarkasart.hu\/wp-content\/uploads\/2023\/04\/dani-contact-NEW.jpg\" alt=\"\" class=\"wp-image-125\" width=\"914\" height=\"539\" srcset=\"https:\/\/dfarkasart.hu\/wp-content\/uploads\/2023\/04\/dani-contact-NEW.jpg 969w, https:\/\/dfarkasart.hu\/wp-content\/uploads\/2023\/04\/dani-contact-NEW-300x177.jpg 300w, https:\/\/dfarkasart.hu\/wp-content\/uploads\/2023\/04\/dani-contact-NEW-768x453.jpg 768w\" sizes=\"auto, (max-width: 767px) 89vw, (max-width: 1000px) 54vw, (max-width: 1071px) 543px, 580px\" \/><figcaption class=\"wp-element-caption\"><a href=\"mailto:dfarkasart@gmail.com\">dfarkasart@gmail.com<\/a><\/figcaption><\/figure>\n\n\n\n<div class=\"wp-block-buttons is-layout-flex wp-block-buttons-is-layout-flex\">\n<div class=\"wp-block-button\"><a class=\"wp-block-button__link wp-element-button\" href=\"https:\/\/dfarkasart.hu\/\">Back\/Vissza<\/a><\/div>\n<\/div>\n","protected":false},"excerpt":{"rendered":"","protected":false},"author":1,"featured_media":0,"parent":0,"menu_order":0,"comment_status":"closed","ping_status":"closed","template":"","meta":{"footnotes":""},"class_list":["post-114","page","type-page","status-publish","hentry"],"_links":{"self":[{"href":"https:\/\/dfarkasart.hu\/index.php?rest_route=\/wp\/v2\/pages\/114","targetHints":{"allow":["GET"]}}],"collection":[{"href":"https:\/\/dfarkasart.hu\/index.php?rest_route=\/wp\/v2\/pages"}],"about":[{"href":"https:\/\/dfarkasart.hu\/index.php?rest_route=\/wp\/v2\/types\/page"}],"author":[{"embeddable":true,"href":"https:\/\/dfarkasart.hu\/index.php?rest_route=\/wp\/v2\/users\/1"}],"replies":[{"embeddable":true,"href":"https:\/\/dfarkasart.hu\/index.php?rest_route=%2Fwp%2Fv2%2Fcomments&post=114"}],"version-history":[{"count":5,"href":"https:\/\/dfarkasart.hu\/index.php?rest_route=\/wp\/v2\/pages\/114\/revisions"}],"predecessor-version":[{"id":126,"href":"https:\/\/dfarkasart.hu\/index.php?rest_route=\/wp\/v2\/pages\/114\/revisions\/126"}],"wp:attachment":[{"href":"https:\/\/dfarkasart.hu\/index.php?rest_route=%2Fwp%2Fv2%2Fmedia&parent=114"}],"curies":[{"name":"wp","href":"https:\/\/api.w.org\/{rel}","templated":true}]}}